{"id":998,"date":"2024-09-17T15:46:59","date_gmt":"2024-09-17T14:46:59","guid":{"rendered":"https:\/\/solaire-avantages.com\/?page_id=998"},"modified":"2025-09-03T15:44:43","modified_gmt":"2025-09-03T14:44:43","slug":"agence-de-plouescat-2","status":"publish","type":"page","link":"https:\/\/solaire-avantages.com\/?page_id=998","title":{"rendered":"Agence de Plouescat"},"content":{"rendered":"\n<p>1 Rue de Strasbourg, 29430 PLOUESCAT<\/p>\n\n\n\n<figure class=\"wp-block-image size-large is-resized\"><img loading=\"lazy\" decoding=\"async\" src=\"https:\/\/solaire-avantages.com\/wp-content\/uploads\/2024\/09\/solaire-1-1024x482.jpg\" alt=\"\" class=\"wp-image-1009\" width=\"697\" height=\"328\" srcset=\"https:\/\/solaire-avantages.com\/wp-content\/uploads\/2024\/09\/solaire-1-1024x482.jpg 1024w, https:\/\/solaire-avantages.com\/wp-content\/uploads\/2024\/09\/solaire-1-300x141.jpg 300w, https:\/\/solaire-avantages.com\/wp-content\/uploads\/2024\/09\/solaire-1-768x361.jpg 768w, https:\/\/solaire-avantages.com\/wp-content\/uploads\/2024\/09\/solaire-1-1536x723.jpg 1536w, https:\/\/solaire-avantages.com\/wp-content\/uploads\/2024\/09\/solaire-1-2048x963.jpg 2048w\" sizes=\"(max-width: 697px) 100vw, 697px\" \/><\/figure>\n\n\n\n<p><\/p>\n","protected":false},"excerpt":{"rendered":"<p>1 Rue de Strasbourg, 29430 PLOUESCAT<\/p>\n","protected":false},"author":1,"featured_media":0,"parent":0,"menu_order":0,"comment_status":"closed","ping_status":"closed","template":"","meta":{"footnotes":""},"class_list":["post-998","page","type-page","status-publish","hentry"],"yoast_head":"<!-- This site is optimized with the Yoast SEO plugin v26.0 - https:\/\/yoast.com\/wordpress\/plugins\/seo\/ -->\n<title>Agence de Plouescat - Solaire Avantages - Installations Photovolta\u00efques<\/title>\n<meta name=\"robots\" content=\"index, follow, max-snippet:-1, max-image-preview:large, max-video-preview:-1\" \/>\n<link rel=\"canonical\" href=\"https:\/\/solaire-avantages.com\/?page_id=998\" \/>\n<meta property=\"og:locale\" content=\"fr_FR\" \/>\n<meta property=\"og:type\" content=\"article\" \/>\n<meta property=\"og:title\" content=\"Agence de Plouescat - Solaire Avantages - Installations Photovolta\u00efques\" \/>\n<meta property=\"og:description\" content=\"1 Rue de Strasbourg, 29430 PLOUESCAT\" \/>\n<meta property=\"og:url\" content=\"https:\/\/solaire-avantages.com\/?page_id=998\" \/>\n<meta property=\"og:site_name\" content=\"Solaire Avantages - Installations Photovolta\u00efques\" \/>\n<meta property=\"article:publisher\" content=\"https:\/\/www.facebook.com\/solaire.avantages29\/\" \/>\n<meta property=\"article:modified_time\" content=\"2025-09-03T14:44:43+00:00\" \/>\n<meta property=\"og:image\" content=\"https:\/\/solaire-avantages.com\/wp-content\/uploads\/2024\/09\/solaire-1-1024x482.jpg\" \/>\n<meta name=\"twitter:card\" content=\"summary_large_image\" \/>\n<script type=\"application\/ld+json\" class=\"yoast-schema-graph\">{\"@context\":\"https:\/\/schema.org\",\"@graph\":[{\"@type\":\"WebPage\",\"@id\":\"https:\/\/solaire-avantages.com\/?page_id=998\",\"url\":\"https:\/\/solaire-avantages.com\/?page_id=998\",\"name\":\"Agence de Plouescat - Solaire Avantages - Installations Photovolta\u00efques\",\"isPartOf\":{\"@id\":\"https:\/\/solaire-avantages.com\/#website\"},\"primaryImageOfPage\":{\"@id\":\"https:\/\/solaire-avantages.com\/?page_id=998#primaryimage\"},\"image\":{\"@id\":\"https:\/\/solaire-avantages.com\/?page_id=998#primaryimage\"},\"thumbnailUrl\":\"https:\/\/solaire-avantages.com\/wp-content\/uploads\/2024\/09\/solaire-1-1024x482.jpg\",\"datePublished\":\"2024-09-17T14:46:59+00:00\",\"dateModified\":\"2025-09-03T14:44:43+00:00\",\"breadcrumb\":{\"@id\":\"https:\/\/solaire-avantages.com\/?page_id=998#breadcrumb\"},\"inLanguage\":\"fr-FR\",\"potentialAction\":[{\"@type\":\"ReadAction\",\"target\":[\"https:\/\/solaire-avantages.com\/?page_id=998\"]}]},{\"@type\":\"ImageObject\",\"inLanguage\":\"fr-FR\",\"@id\":\"https:\/\/solaire-avantages.com\/?page_id=998#primaryimage\",\"url\":\"https:\/\/solaire-avantages.com\/wp-content\/uploads\/2024\/09\/solaire-1-scaled.jpg\",\"contentUrl\":\"https:\/\/solaire-avantages.com\/wp-content\/uploads\/2024\/09\/solaire-1-scaled.jpg\",\"width\":2560,\"height\":1204},{\"@type\":\"BreadcrumbList\",\"@id\":\"https:\/\/solaire-avantages.com\/?page_id=998#breadcrumb\",\"itemListElement\":[{\"@type\":\"ListItem\",\"position\":1,\"name\":\"Accueil\",\"item\":\"https:\/\/solaire-avantages.com\/\"},{\"@type\":\"ListItem\",\"position\":2,\"name\":\"Agence de Plouescat\"}]},{\"@type\":\"WebSite\",\"@id\":\"https:\/\/solaire-avantages.com\/#website\",\"url\":\"https:\/\/solaire-avantages.com\/\",\"name\":\"Solaire Avantages - Installations Solaires et Photovolta\u00efques\",\"description\":\"Professionnel du solaire et photovolta\u00efque dans le Finist\u00e8re Nord\",\"publisher\":{\"@id\":\"https:\/\/solaire-avantages.com\/#organization\"},\"potentialAction\":[{\"@type\":\"SearchAction\",\"target\":{\"@type\":\"EntryPoint\",\"urlTemplate\":\"https:\/\/solaire-avantages.com\/?s={search_term_string}\"},\"query-input\":{\"@type\":\"PropertyValueSpecification\",\"valueRequired\":true,\"valueName\":\"search_term_string\"}}],\"inLanguage\":\"fr-FR\"},{\"@type\":\"Organization\",\"@id\":\"https:\/\/solaire-avantages.com\/#organization\",\"name\":\"Solaire Avantages\",\"url\":\"https:\/\/solaire-avantages.com\/\",\"logo\":{\"@type\":\"ImageObject\",\"inLanguage\":\"fr-FR\",\"@id\":\"https:\/\/solaire-avantages.com\/#\/schema\/logo\/image\/\",\"url\":\"https:\/\/solaire-avantages.com\/wp-content\/uploads\/2020\/12\/logomini.jpg\",\"contentUrl\":\"https:\/\/solaire-avantages.com\/wp-content\/uploads\/2020\/12\/logomini.jpg\",\"width\":90,\"height\":52,\"caption\":\"Solaire Avantages\"},\"image\":{\"@id\":\"https:\/\/solaire-avantages.com\/#\/schema\/logo\/image\/\"},\"sameAs\":[\"https:\/\/www.facebook.com\/solaire.avantages29\/\",\"https:\/\/www.linkedin.com\/company\/solaire-avantages\"]}]}<\/script>\n<!-- \/ Yoast SEO plugin. -->","yoast_head_json":{"title":"Agence de Plouescat - Solaire Avantages - Installations Photovolta\u00efques","robots":{"index":"index","follow":"follow","max-snippet":"max-snippet:-1","max-image-preview":"max-image-preview:large","max-video-preview":"max-video-preview:-1"},"canonical":"https:\/\/solaire-avantages.com\/?page_id=998","og_locale":"fr_FR","og_type":"article","og_title":"Agence de Plouescat - Solaire Avantages - Installations Photovolta\u00efques","og_description":"1 Rue de Strasbourg, 29430 PLOUESCAT","og_url":"https:\/\/solaire-avantages.com\/?page_id=998","og_site_name":"Solaire Avantages - Installations Photovolta\u00efques","article_publisher":"https:\/\/www.facebook.com\/solaire.avantages29\/","article_modified_time":"2025-09-03T14:44:43+00:00","og_image":[{"url":"https:\/\/solaire-avantages.com\/wp-content\/uploads\/2024\/09\/solaire-1-1024x482.jpg","type":"","width":"","height":""}],"twitter_card":"summary_large_image","schema":{"@context":"https:\/\/schema.org","@graph":[{"@type":"WebPage","@id":"https:\/\/solaire-avantages.com\/?page_id=998","url":"https:\/\/solaire-avantages.com\/?page_id=998","name":"Agence de Plouescat - Solaire Avantages - Installations Photovolta\u00efques","isPartOf":{"@id":"https:\/\/solaire-avantages.com\/#website"},"primaryImageOfPage":{"@id":"https:\/\/solaire-avantages.com\/?page_id=998#primaryimage"},"image":{"@id":"https:\/\/solaire-avantages.com\/?page_id=998#primaryimage"},"thumbnailUrl":"https:\/\/solaire-avantages.com\/wp-content\/uploads\/2024\/09\/solaire-1-1024x482.jpg","datePublished":"2024-09-17T14:46:59+00:00","dateModified":"2025-09-03T14:44:43+00:00","breadcrumb":{"@id":"https:\/\/solaire-avantages.com\/?page_id=998#breadcrumb"},"inLanguage":"fr-FR","potentialAction":[{"@type":"ReadAction","target":["https:\/\/solaire-avantages.com\/?page_id=998"]}]},{"@type":"ImageObject","inLanguage":"fr-FR","@id":"https:\/\/solaire-avantages.com\/?page_id=998#primaryimage","url":"https:\/\/solaire-avantages.com\/wp-content\/uploads\/2024\/09\/solaire-1-scaled.jpg","contentUrl":"https:\/\/solaire-avantages.com\/wp-content\/uploads\/2024\/09\/solaire-1-scaled.jpg","width":2560,"height":1204},{"@type":"BreadcrumbList","@id":"https:\/\/solaire-avantages.com\/?page_id=998#breadcrumb","itemListElement":[{"@type":"ListItem","position":1,"name":"Accueil","item":"https:\/\/solaire-avantages.com\/"},{"@type":"ListItem","position":2,"name":"Agence de Plouescat"}]},{"@type":"WebSite","@id":"https:\/\/solaire-avantages.com\/#website","url":"https:\/\/solaire-avantages.com\/","name":"Solaire Avantages - Installations Solaires et Photovolta\u00efques","description":"Professionnel du solaire et photovolta\u00efque dans le Finist\u00e8re Nord","publisher":{"@id":"https:\/\/solaire-avantages.com\/#organization"},"potentialAction":[{"@type":"SearchAction","target":{"@type":"EntryPoint","urlTemplate":"https:\/\/solaire-avantages.com\/?s={search_term_string}"},"query-input":{"@type":"PropertyValueSpecification","valueRequired":true,"valueName":"search_term_string"}}],"inLanguage":"fr-FR"},{"@type":"Organization","@id":"https:\/\/solaire-avantages.com\/#organization","name":"Solaire Avantages","url":"https:\/\/solaire-avantages.com\/","logo":{"@type":"ImageObject","inLanguage":"fr-FR","@id":"https:\/\/solaire-avantages.com\/#\/schema\/logo\/image\/","url":"https:\/\/solaire-avantages.com\/wp-content\/uploads\/2020\/12\/logomini.jpg","contentUrl":"https:\/\/solaire-avantages.com\/wp-content\/uploads\/2020\/12\/logomini.jpg","width":90,"height":52,"caption":"Solaire Avantages"},"image":{"@id":"https:\/\/solaire-avantages.com\/#\/schema\/logo\/image\/"},"sameAs":["https:\/\/www.facebook.com\/solaire.avantages29\/","https:\/\/www.linkedin.com\/company\/solaire-avantages"]}]}},"_links":{"self":[{"href":"https:\/\/solaire-avantages.com\/index.php?rest_route=\/wp\/v2\/pages\/998","targetHints":{"allow":["GET"]}}],"collection":[{"href":"https:\/\/solaire-avantages.com\/index.php?rest_route=\/wp\/v2\/pages"}],"about":[{"href":"https:\/\/solaire-avantages.com\/index.php?rest_route=\/wp\/v2\/types\/page"}],"author":[{"embeddable":true,"href":"https:\/\/solaire-avantages.com\/index.php?rest_route=\/wp\/v2\/users\/1"}],"replies":[{"embeddable":true,"href":"https:\/\/solaire-avantages.com\/index.php?rest_route=%2Fwp%2Fv2%2Fcomments&post=998"}],"version-history":[{"count":2,"href":"https:\/\/solaire-avantages.com\/index.php?rest_route=\/wp\/v2\/pages\/998\/revisions"}],"predecessor-version":[{"id":1011,"href":"https:\/\/solaire-avantages.com\/index.php?rest_route=\/wp\/v2\/pages\/998\/revisions\/1011"}],"wp:attachment":[{"href":"https:\/\/solaire-avantages.com\/index.php?rest_route=%2Fwp%2Fv2%2Fmedia&parent=998"}],"curies":[{"name":"wp","href":"https:\/\/api.w.org\/{rel}","templated":true}]}}