{"id":9,"date":"2016-04-20T21:35:41","date_gmt":"2016-04-20T20:35:41","guid":{"rendered":"http:\/\/solaire-avantages.com\/?page_id=9"},"modified":"2024-02-01T14:58:37","modified_gmt":"2024-02-01T13:58:37","slug":"nous-contacter","status":"publish","type":"page","link":"https:\/\/solaire-avantages.com\/?page_id=9","title":{"rendered":"Nous contacter"},"content":{"rendered":"<h1>Pour nous contacter<\/h1>\n<p><img decoding=\"async\" src=\"\/wp-content\/uploads\/2022\/10\/Zone-Intervention.png\" alt=\"\"><\/p>\n<div>\n<p>Mise \u00e0 jour au 03\/10\/2022<\/p>\n<p style=\"text-align: left;\"><strong><em>Face aux demandes toujours plus nombreuses, nous avons du r\u00e9duire notre zone d\u2019intervention \u00e0 30km autour de chez nous. Vous la trouverez sur la carte ci-dessus.<\/em><\/strong><\/p>\n<p style=\"text-align: left;\"><strong> Si vous venez de la part de nos clients actuels,\u00a0 Merci de nous le pr\u00e9ciser.\u00a0<\/strong><\/p>\n<p style=\"text-align: right;\"><strong>Esp\u00e9rant votre compr\u00e9hension,<\/strong><\/p>\n<p style=\"text-align: right;\"><strong>L&rsquo;\u00e9quipe de Solaire Avantages<\/strong><\/p>\n<p style=\"text-align: right;\">\u00a0<\/p>\n<p>Notre \u00e9quipe r\u00e9pondra \u00e0 toutes vos questions concernant les installations photovolta\u00efques et leurs b\u00e9n\u00e9fices.<\/p>\n<div class=\"frm_forms  with_frm_style frm_style_style-formidable\" id=\"frm_form_3_container\" >\n<form enctype=\"multipart\/form-data\" method=\"post\" class=\"frm-show-form \" id=\"form_contact-form099240b904\" >\n<div class=\"frm_form_fields \">\n<fieldset>\n<legend class=\"frm_screen_reader\">Demande de renseignements Solaire Avantages<\/legend>\r\n\r\n<div class=\"frm_fields_container\">\n<input type=\"hidden\" name=\"frm_action\" value=\"create\" \/>\n<input type=\"hidden\" name=\"form_id\" value=\"3\" \/>\n<input type=\"hidden\" name=\"frm_hide_fields_3\" id=\"frm_hide_fields_3\" value=\"\" \/>\n<input type=\"hidden\" name=\"form_key\" value=\"contact-form099240b904\" \/>\n<input type=\"hidden\" name=\"item_meta[0]\" value=\"\" \/>\n<input type=\"hidden\" id=\"frm_submit_entry_3\" name=\"frm_submit_entry_3\" value=\"46a070f37a\" \/><input type=\"hidden\" name=\"_wp_http_referer\" value=\"\/index.php?rest_route=%2Fwp%2Fv2%2Fpages%2F9\" \/><div id=\"frm_field_8_container\" class=\"frm_form_field form-field  frm_required_field frm_hidden_container frm12\">\r\n    <label for=\"field_ocfup15ac19bc741\" id=\"field_ocfup15ac19bc741_label\">Nom\r\n        <span class=\"frm_required\">*<\/span>\r\n    <\/label>\r\n    <input type=\"text\" id=\"field_ocfup15ac19bc741\" name=\"item_meta[8]\" value=\"\"  data-reqmsg=\"Ce champ ne peut pas \u00eatre vide\" aria-required=\"true\" data-invmsg=\"Last est non valide\" aria-invalid=\"false\"  \/>\r\n    \r\n    \r\n<\/div>\n<div id=\"frm_field_7_container\" class=\"frm_form_field form-field  frm_required_field frm_top_container frm12\">\r\n    <label for=\"field_qh4icyffe3cfadc5\" id=\"field_qh4icyffe3cfadc5_label\" >Pr\u00e9nom\r\n        <span class=\"frm_required\">*<\/span>\r\n    <\/label>\r\n    <input type=\"text\" id=\"field_qh4icyffe3cfadc5\" name=\"item_meta[7]\" value=\"\"  data-reqmsg=\"Ce champ ne peut pas \u00eatre vide\" aria-required=\"true\" data-invmsg=\"Name est non valide\" aria-invalid=\"false\"  \/>\r\n    \r\n    \r\n<\/div>\n<div id=\"frm_field_9_container\" class=\"frm_form_field form-field  frm_required_field frm_top_container frm_full\">\r\n    <label for=\"field_29yf4de581338393\" id=\"field_29yf4de581338393_label\" >Email\r\n        <span class=\"frm_required\">*<\/span>\r\n    <\/label>\r\n    <input type=\"email\" id=\"field_29yf4de581338393\" name=\"item_meta[9]\" value=\"\"  data-reqmsg=\"Ce champ ne peut pas \u00eatre vide\" aria-required=\"true\" data-invmsg=\"Please enter a valid email address\" aria-invalid=\"false\"  \/>\r\n    \r\n    \r\n<\/div>\n<div id=\"frm_field_12_container\" class=\"frm_form_field form-field  frm_required_field frm_top_container\">\r\n    <label for=\"field_9v7rg\" id=\"field_9v7rg_label\" >T\u00e9l\u00e9phone\r\n        <span class=\"frm_required\">*<\/span>\r\n    <\/label>\r\n    <input type=\"tel\" id=\"field_9v7rg\" name=\"item_meta[12]\" value=\"\"  data-reqmsg=\"T\u00e9l\u00e9phone ne peut pas \u00eatre vide.\" aria-required=\"true\" data-invmsg=\"T\u00e9l\u00e9phone est non valide\" aria-invalid=\"false\" pattern=\"((\\+\\d{1,3}(-|.| )?\\(?\\d\\)?(-| |.)?\\d{1,5})|(\\(?\\d{2,6}\\)?))(-|.| )?(\\d{3,4})(-|.| )?(\\d{4})(( x| ext)\\d{1,5}){0,1}$\"  \/>\r\n    \r\n    \r\n<\/div>\n<div id=\"frm_field_14_container\" class=\"frm_form_field form-field  frm_required_field frm_top_container\">\n    <label for=\"field_knk2a\" id=\"field_knk2a_label\" class=\"frm_primary_label\">Ville\n        <span class=\"frm_required\">*<\/span>\n    <\/label>\n    <input type=\"text\" id=\"field_knk2a\" name=\"item_meta[14]\" value=\"\"  data-reqmsg=\"Ville ne peut pas \u00eatre vide.\" aria-required=\"true\" data-invmsg=\"texte est non valide\" aria-invalid=\"false\"  \/>\n    \n    \n<\/div>\n<div id=\"frm_field_13_container\" class=\"frm_form_field form-field  frm_top_container\">\r\n    <label for=\"field_621ot\" id=\"field_621ot_label\" >Objet de votre demande\r\n        <span class=\"frm_required\"><\/span>\r\n    <\/label>\r\n    \t\t<select name=\"item_meta[13]\" id=\"field_621ot\"  data-invmsg=\"Objet de votre demande est non valide\" aria-invalid=\"false\"  >\n\t\t<option  value=\"S\u00e9lectionnez l&#039;objet\">S\u00e9lectionnez l&#039;objet<\/option><option  value=\"Demande de renseignements\">Demande de renseignements<\/option><option  value=\"Demande de rendez-vous\">Demande de rendez-vous<\/option><option  value=\"Demande de maintenance\">Demande de maintenance<\/option><option  value=\"Projet d&#039;installation solaire\">Projet d&#039;installation solaire<\/option><option  value=\"Demande de tarifs mat\u00e9riels solaires\">Demande de tarifs mat\u00e9riels solaires<\/option><option  value=\"Autre\">Autre<\/option>\t<\/select>\n\t\r\n    \r\n    \r\n<\/div>\n<div id=\"frm_field_11_container\" class=\"frm_form_field form-field  frm_required_field frm_top_container frm_full\">\r\n    <label for=\"field_9jv0r12549bc32da\" id=\"field_9jv0r12549bc32da_label\" >Message\r\n        <span class=\"frm_required\">*<\/span>\r\n    <\/label>\r\n    <textarea name=\"item_meta[11]\" id=\"field_9jv0r12549bc32da\" rows=\"5\"  data-reqmsg=\"Ce champ ne peut pas \u00eatre vide\" aria-required=\"true\" data-invmsg=\"Message est non valide\" aria-invalid=\"false\"  ><\/textarea>\r\n    \r\n    \r\n<\/div>\n\t<input type=\"hidden\" name=\"item_key\" value=\"\" \/>\n\t\t\t<div id=\"frm_field_15_container\">\n\t\t\t<label for=\"field_9u5eb\" >\n\t\t\t\tSi vous \u00eates un humain, ne remplissez pas ce champ.\t\t\t<\/label>\n\t\t\t<input  id=\"field_9u5eb\" type=\"text\" class=\"frm_form_field form-field frm_verify\" name=\"item_meta[15]\" value=\"\"  \/>\n\t\t<\/div>\n\t\t<input name=\"frm_state\" type=\"hidden\" value=\"hwm0K2j4ZxQCJ+QK2Mh0DlDUbbKSTrOQx1Jt258PwPI=\" \/><div>\r\n\r\n<button class=\"el-link uk-button uk-button-primary\" type=\"submit\"  >Envoyer ma demande<\/button>\r\n\r\n<\/div><\/div>\n<\/fieldset>\n<\/div>\n\n<p style=\"display: none !important;\" class=\"akismet-fields-container\" data-prefix=\"ak_\"><label>&#916;<textarea name=\"ak_hp_textarea\" cols=\"45\" rows=\"8\" maxlength=\"100\"><\/textarea><\/label><input type=\"hidden\" id=\"ak_js_1\" name=\"ak_js\" value=\"210\"\/><script>document.getElementById( \"ak_js_1\" ).setAttribute( \"value\", ( new Date() ).getTime() );<\/script><\/p><\/form>\n<\/div>\n\n<\/div>\n<h2>Nos coordonn\u00e9es<\/h2>\n<p><img decoding=\"async\" src=\"\/wp-content\/uploads\/2016\/07\/cropped-Logo_SolaireAvantages_V2.png\" alt=\"\"><\/p>\n<div>\n<p style=\"text-align: center;\">1 Rue de Strasbourg <br \/>29430 PLOUESCAT<\/p>\n<p>Mail:\u00a0<a href=\"mailto:contact@solaire-avantages.com\" target=\"_blank\" rel=\"noopener\">contact@solaire-avantages.com<\/a><\/p>\n<p style=\"text-align: center;\">solaire-avantages@orange.fr<br \/>T\u00e9l:\u00a0<a href=\"tel:02 98 24 34 53\">02 98 24 34 53<\/a><\/p>\n<\/div>\n<hr>\n<div>\n<h3>Solaire Avantages<\/h3>\n<div>\n<p>Solaire Avantages<br \/>1 Rue de Strasbourg <br \/>29430 PLOUESCAT<\/p>\n<\/div>\n<p>48.6585,-4.1653<\/p>\n<\/div>\n<p><!-- {\"type\":\"layout\",\"children\":[{\"type\":\"section\",\"props\":{\"style\":\"default\",\"width\":\"default\",\"vertical_align\":\"middle\",\"title_position\":\"top-left\",\"title_rotation\":\"left\",\"title_breakpoint\":\"xl\",\"image_position\":\"center-center\"},\"children\":[{\"type\":\"row\",\"props\":{\"layout\":\"2-3,1-3\"},\"children\":[{\"type\":\"column\",\"props\":{\"image_position\":\"center-center\",\"media_overlay_gradient\":\"\",\"width_medium\":\"2-3\"},\"children\":[{\"type\":\"breadcrumbs\",\"props\":{\"show_home\":true,\"show_current\":true}},{\"type\":\"headline\",\"props\":{\"title_element\":\"h1\",\"content\":\"Pour nous contacter\",\"title_style\":\"h3\"}},{\"type\":\"image\",\"props\":{\"margin\":\"default\",\"image_svg_color\":\"emphasis\",\"image\":\"wp-content\\\/uploads\\\/2022\\\/10\\\/Zone-Intervention.png\"}},{\"type\":\"text\",\"props\":{\"margin\":\"default\",\"column_breakpoint\":\"m\",\"content\":\"\n\n<p>Mise \\u00e0 jour au 03\\\/10\\\/2022<\\\/p>\\n\n\n<p style=\\\"text-align: left;\\\"><strong><em>Face aux demandes toujours plus nombreuses, nous avons du r\\u00e9duire notre zone d\\u2019intervention \\u00e0 30km autour de chez nous. Vous la trouverez sur la carte ci-dessus.<\\\/em><\\\/strong><\\\/p>\\n\n\n<p style=\\\"text-align: left;\\\"><strong> Si vous venez de la part de nos clients actuels,\\u00a0 Merci de nous le pr\\u00e9ciser.\\u00a0<\\\/strong><\\\/p>\\n\n\n<p style=\\\"text-align: right;\\\"><strong>Esp\\u00e9rant votre compr\\u00e9hension,<\\\/strong><\\\/p>\\n\n\n<p style=\\\"text-align: right;\\\"><strong>L'\\u00e9quipe de Solaire Avantages<\\\/strong><\\\/p>\\n\n\n<p style=\\\"text-align: right;\\\">\\u00a0<\\\/p>\\n\n\n<p>Notre \\u00e9quipe r\\u00e9pondra \\u00e0 toutes vos questions concernant les installations photovolta\\u00efques et leurs b\\u00e9n\\u00e9fices.<\\\/p>\\n\n\n<p>[formidable id=3]<\\\/p>\"}}]},{\"type\":\"column\",\"props\":{\"image_position\":\"center-center\",\"media_overlay_gradient\":\"\",\"width_medium\":\"1-3\",\"style\":\"secondary\"},\"children\":[{\"type\":\"headline\",\"props\":{\"title_element\":\"h2\",\"content\":\"Nos coordonn\\u00e9es\",\"title_style\":\"h4\"}},{\"type\":\"image\",\"props\":{\"margin\":\"default\",\"image_svg_color\":\"emphasis\",\"image\":\"wp-content\\\/uploads\\\/2016\\\/07\\\/cropped-Logo_SolaireAvantages_V2.png\",\"text_align\":\"center\"}},{\"type\":\"text\",\"props\":{\"margin\":\"default\",\"column_breakpoint\":\"m\",\"content\":\"\n\n<p style=\\\"text-align: center;\\\">1 Rue de Strasbourg <br \\\/>29430 PLOUESCAT<\\\/p>\\n\n\n<p>Mail:\\u00a0<a href=\\\"mailto:contact@solaire-avantages.com\\\" target=\\\"_blank\\\" rel=\\\"noopener\\\">contact@solaire-avantages.com<\\\/a><\\\/p>\\n\n\n<p style=\\\"text-align: center;\\\">solaire-avantages@orange.fr<br \\\/>T\\u00e9l:\\u00a0<a href=\\\"tel:02 98 24 34 53\\\">02 98 24 34 53<\\\/a><\\\/p>\"}},{\"type\":\"divider\",\"props\":{\"divider_element\":\"hr\"}},{\"type\":\"map\",\"props\":{\"show_title\":true,\"type\":\"roadmap\",\"zoom\":10,\"controls\":true,\"zooming\":false,\"dragging\":false},\"children\":[{\"type\":\"map_marker\",\"props\":{\"title\":\"Solaire Avantages\",\"location\":\"48.6585,-4.1653\",\"content\":\"\n\n<p>Solaire Avantages<br \\\/>1 Rue de Strasbourg <br \\\/>29430 PLOUESCAT<\\\/p>\"}}]}]}]}]}],\"version\":\"2.3.25\"} --><\/p>\n","protected":false},"excerpt":{"rendered":"<p>Pour nous contacter Mise \u00e0 jour au 03\/10\/2022 Face aux demandes toujours plus nombreuses, nous avons du r\u00e9duire notre zone d\u2019intervention \u00e0 30km autour de chez nous. Vous la trouverez sur la carte ci-dessus. Si vous venez de la part de nos clients actuels,\u00a0 Merci de nous le pr\u00e9ciser.\u00a0 Esp\u00e9rant votre compr\u00e9hension, L&rsquo;\u00e9quipe de Solaire [&hellip;]<\/p>\n","protected":false},"author":1,"featured_media":0,"parent":0,"menu_order":0,"comment_status":"closed","ping_status":"closed","template":"","meta":{"footnotes":""},"class_list":["post-9","page","type-page","status-publish","hentry"],"yoast_head":"<!-- This site is optimized with the Yoast SEO plugin v26.0 - https:\/\/yoast.com\/wordpress\/plugins\/seo\/ -->\n<title>Nous contacter - Solaire Avantages - Installations Photovolta\u00efques<\/title>\n<meta name=\"robots\" content=\"index, follow, max-snippet:-1, max-image-preview:large, max-video-preview:-1\" \/>\n<link rel=\"canonical\" href=\"https:\/\/solaire-avantages.com\/?page_id=9\" \/>\n<meta property=\"og:locale\" content=\"fr_FR\" \/>\n<meta property=\"og:type\" content=\"article\" \/>\n<meta property=\"og:title\" content=\"Nous contacter - Solaire Avantages - Installations Photovolta\u00efques\" \/>\n<meta property=\"og:description\" content=\"Pour nous contacter Mise \u00e0 jour au 03\/10\/2022 Face aux demandes toujours plus nombreuses, nous avons du r\u00e9duire notre zone d\u2019intervention \u00e0 30km autour de chez nous. Vous la trouverez sur la carte ci-dessus. Si vous venez de la part de nos clients actuels,\u00a0 Merci de nous le pr\u00e9ciser.\u00a0 Esp\u00e9rant votre compr\u00e9hension, L&rsquo;\u00e9quipe de Solaire [&hellip;]\" \/>\n<meta property=\"og:url\" content=\"https:\/\/solaire-avantages.com\/?page_id=9\" \/>\n<meta property=\"og:site_name\" content=\"Solaire Avantages - Installations Photovolta\u00efques\" \/>\n<meta property=\"article:publisher\" content=\"https:\/\/www.facebook.com\/solaire.avantages29\/\" \/>\n<meta property=\"article:modified_time\" content=\"2024-02-01T13:58:37+00:00\" \/>\n<meta name=\"twitter:card\" content=\"summary_large_image\" \/>\n<meta name=\"twitter:label1\" content=\"Dur\u00e9e de lecture estim\u00e9e\" \/>\n\t<meta name=\"twitter:data1\" content=\"1 minute\" \/>\n<script type=\"application\/ld+json\" class=\"yoast-schema-graph\">{\"@context\":\"https:\/\/schema.org\",\"@graph\":[{\"@type\":\"WebPage\",\"@id\":\"https:\/\/solaire-avantages.com\/?page_id=9\",\"url\":\"https:\/\/solaire-avantages.com\/?page_id=9\",\"name\":\"Nous contacter - Solaire Avantages - Installations Photovolta\u00efques\",\"isPartOf\":{\"@id\":\"https:\/\/solaire-avantages.com\/#website\"},\"datePublished\":\"2016-04-20T20:35:41+00:00\",\"dateModified\":\"2024-02-01T13:58:37+00:00\",\"breadcrumb\":{\"@id\":\"https:\/\/solaire-avantages.com\/?page_id=9#breadcrumb\"},\"inLanguage\":\"fr-FR\",\"potentialAction\":[{\"@type\":\"ReadAction\",\"target\":[\"https:\/\/solaire-avantages.com\/?page_id=9\"]}]},{\"@type\":\"BreadcrumbList\",\"@id\":\"https:\/\/solaire-avantages.com\/?page_id=9#breadcrumb\",\"itemListElement\":[{\"@type\":\"ListItem\",\"position\":1,\"name\":\"Accueil\",\"item\":\"https:\/\/solaire-avantages.com\/\"},{\"@type\":\"ListItem\",\"position\":2,\"name\":\"Nous contacter\"}]},{\"@type\":\"WebSite\",\"@id\":\"https:\/\/solaire-avantages.com\/#website\",\"url\":\"https:\/\/solaire-avantages.com\/\",\"name\":\"Solaire Avantages - Installations Solaires et Photovolta\u00efques\",\"description\":\"Professionnel du solaire et photovolta\u00efque dans le Finist\u00e8re Nord\",\"publisher\":{\"@id\":\"https:\/\/solaire-avantages.com\/#organization\"},\"potentialAction\":[{\"@type\":\"SearchAction\",\"target\":{\"@type\":\"EntryPoint\",\"urlTemplate\":\"https:\/\/solaire-avantages.com\/?s={search_term_string}\"},\"query-input\":{\"@type\":\"PropertyValueSpecification\",\"valueRequired\":true,\"valueName\":\"search_term_string\"}}],\"inLanguage\":\"fr-FR\"},{\"@type\":\"Organization\",\"@id\":\"https:\/\/solaire-avantages.com\/#organization\",\"name\":\"Solaire Avantages\",\"url\":\"https:\/\/solaire-avantages.com\/\",\"logo\":{\"@type\":\"ImageObject\",\"inLanguage\":\"fr-FR\",\"@id\":\"https:\/\/solaire-avantages.com\/#\/schema\/logo\/image\/\",\"url\":\"https:\/\/solaire-avantages.com\/wp-content\/uploads\/2020\/12\/logomini.jpg\",\"contentUrl\":\"https:\/\/solaire-avantages.com\/wp-content\/uploads\/2020\/12\/logomini.jpg\",\"width\":90,\"height\":52,\"caption\":\"Solaire Avantages\"},\"image\":{\"@id\":\"https:\/\/solaire-avantages.com\/#\/schema\/logo\/image\/\"},\"sameAs\":[\"https:\/\/www.facebook.com\/solaire.avantages29\/\",\"https:\/\/www.linkedin.com\/company\/solaire-avantages\"]}]}<\/script>\n<!-- \/ Yoast SEO plugin. -->","yoast_head_json":{"title":"Nous contacter - Solaire Avantages - Installations Photovolta\u00efques","robots":{"index":"index","follow":"follow","max-snippet":"max-snippet:-1","max-image-preview":"max-image-preview:large","max-video-preview":"max-video-preview:-1"},"canonical":"https:\/\/solaire-avantages.com\/?page_id=9","og_locale":"fr_FR","og_type":"article","og_title":"Nous contacter - Solaire Avantages - Installations Photovolta\u00efques","og_description":"Pour nous contacter Mise \u00e0 jour au 03\/10\/2022 Face aux demandes toujours plus nombreuses, nous avons du r\u00e9duire notre zone d\u2019intervention \u00e0 30km autour de chez nous. Vous la trouverez sur la carte ci-dessus. Si vous venez de la part de nos clients actuels,\u00a0 Merci de nous le pr\u00e9ciser.\u00a0 Esp\u00e9rant votre compr\u00e9hension, L&rsquo;\u00e9quipe de Solaire [&hellip;]","og_url":"https:\/\/solaire-avantages.com\/?page_id=9","og_site_name":"Solaire Avantages - Installations Photovolta\u00efques","article_publisher":"https:\/\/www.facebook.com\/solaire.avantages29\/","article_modified_time":"2024-02-01T13:58:37+00:00","twitter_card":"summary_large_image","twitter_misc":{"Dur\u00e9e de lecture estim\u00e9e":"1 minute"},"schema":{"@context":"https:\/\/schema.org","@graph":[{"@type":"WebPage","@id":"https:\/\/solaire-avantages.com\/?page_id=9","url":"https:\/\/solaire-avantages.com\/?page_id=9","name":"Nous contacter - Solaire Avantages - Installations Photovolta\u00efques","isPartOf":{"@id":"https:\/\/solaire-avantages.com\/#website"},"datePublished":"2016-04-20T20:35:41+00:00","dateModified":"2024-02-01T13:58:37+00:00","breadcrumb":{"@id":"https:\/\/solaire-avantages.com\/?page_id=9#breadcrumb"},"inLanguage":"fr-FR","potentialAction":[{"@type":"ReadAction","target":["https:\/\/solaire-avantages.com\/?page_id=9"]}]},{"@type":"BreadcrumbList","@id":"https:\/\/solaire-avantages.com\/?page_id=9#breadcrumb","itemListElement":[{"@type":"ListItem","position":1,"name":"Accueil","item":"https:\/\/solaire-avantages.com\/"},{"@type":"ListItem","position":2,"name":"Nous contacter"}]},{"@type":"WebSite","@id":"https:\/\/solaire-avantages.com\/#website","url":"https:\/\/solaire-avantages.com\/","name":"Solaire Avantages - Installations Solaires et Photovolta\u00efques","description":"Professionnel du solaire et photovolta\u00efque dans le Finist\u00e8re Nord","publisher":{"@id":"https:\/\/solaire-avantages.com\/#organization"},"potentialAction":[{"@type":"SearchAction","target":{"@type":"EntryPoint","urlTemplate":"https:\/\/solaire-avantages.com\/?s={search_term_string}"},"query-input":{"@type":"PropertyValueSpecification","valueRequired":true,"valueName":"search_term_string"}}],"inLanguage":"fr-FR"},{"@type":"Organization","@id":"https:\/\/solaire-avantages.com\/#organization","name":"Solaire Avantages","url":"https:\/\/solaire-avantages.com\/","logo":{"@type":"ImageObject","inLanguage":"fr-FR","@id":"https:\/\/solaire-avantages.com\/#\/schema\/logo\/image\/","url":"https:\/\/solaire-avantages.com\/wp-content\/uploads\/2020\/12\/logomini.jpg","contentUrl":"https:\/\/solaire-avantages.com\/wp-content\/uploads\/2020\/12\/logomini.jpg","width":90,"height":52,"caption":"Solaire Avantages"},"image":{"@id":"https:\/\/solaire-avantages.com\/#\/schema\/logo\/image\/"},"sameAs":["https:\/\/www.facebook.com\/solaire.avantages29\/","https:\/\/www.linkedin.com\/company\/solaire-avantages"]}]}},"_links":{"self":[{"href":"https:\/\/solaire-avantages.com\/index.php?rest_route=\/wp\/v2\/pages\/9","targetHints":{"allow":["GET"]}}],"collection":[{"href":"https:\/\/solaire-avantages.com\/index.php?rest_route=\/wp\/v2\/pages"}],"about":[{"href":"https:\/\/solaire-avantages.com\/index.php?rest_route=\/wp\/v2\/types\/page"}],"author":[{"embeddable":true,"href":"https:\/\/solaire-avantages.com\/index.php?rest_route=\/wp\/v2\/users\/1"}],"replies":[{"embeddable":true,"href":"https:\/\/solaire-avantages.com\/index.php?rest_route=%2Fwp%2Fv2%2Fcomments&post=9"}],"version-history":[{"count":17,"href":"https:\/\/solaire-avantages.com\/index.php?rest_route=\/wp\/v2\/pages\/9\/revisions"}],"predecessor-version":[{"id":918,"href":"https:\/\/solaire-avantages.com\/index.php?rest_route=\/wp\/v2\/pages\/9\/revisions\/918"}],"wp:attachment":[{"href":"https:\/\/solaire-avantages.com\/index.php?rest_route=%2Fwp%2Fv2%2Fmedia&parent=9"}],"curies":[{"name":"wp","href":"https:\/\/api.w.org\/{rel}","templated":true}]}}