{"id":115,"date":"2016-07-06T17:06:13","date_gmt":"2016-07-06T16:06:13","guid":{"rendered":"http:\/\/solaire-avantages.com\/?page_id=115"},"modified":"2023-02-15T16:09:32","modified_gmt":"2023-02-15T15:09:32","slug":"peinture-thermacote","status":"publish","type":"page","link":"https:\/\/solaire-avantages.com\/?page_id=115","title":{"rendered":"Peinture Thermacote (Suspendu)"},"content":{"rendered":"<p><img decoding=\"async\" src=\"\/wp-content\/uploads\/2021\/01\/solaire-peinture.jpg\" alt=\"Peinture Thermacote\"><\/p>\n<h1>\n<p class=\"uk-article-title\">Peinture Thermacote (Momentan\u00e9ment Suspendu)<\/p>\n<\/h1>\n<div>\n<p>Solution de peintures isolantes, anti humidit\u00e9 et \u00e9tanches \u00e0 l&rsquo;air.<\/p>\n<\/div>\n<div>\n<h4 class=\"uk-article-title\"><span style=\"font-size: 16px;\">ThermaCote : Les 3 principaux avantages<\/span><\/h4>\n<div class=\"uk-margin-medium\">\n<p>\u00ab\u00a0ThermaCote combine en un seul produit, tous les crit\u00e8res d\u2019une isolation performante : barri\u00e8re thermique, anti-humidit\u00e9 et\u00a0\u00e9tanch\u00e9it\u00e9 \u00e0 l\u2019air.\u00a0Permettant une isolation par l\u2019ext\u00e9rieur ou l\u2019int\u00e9rieur, assurant confort et bien \u00eatre en toute\u00a0saison. ThermaCote offre \u00e9galement une revalorisation de votre patrimoine et assure sa p\u00e9rennit\u00e9.\u00a0\u00bb<\/p>\n<p>D\u00e9couvrez ci-dessous les principaux avantages de la peinture via le\u00a0<a class=\"customize-unpreviewable\" href=\"http:\/\/thermacote.eu\/\">site internet d\u00e9di\u00e9<\/a>.<\/p>\n<\/div>\n<\/div>\n<h3>Actualit\u00e9s<\/h3>\n<hr>\n<ul>\n<li>\n<p>        <img decoding=\"async\" src=\"\/wp-content\/uploads\/2021\/01\/maison1.jpg\" alt=\"\"><\/p>\n<h3>ISOLATION THERMIQUE<\/h3>\n<div>\n<p>\u00ab\u00a0Une isolation\u00a0thermique\u00a0efficace emp\u00eache la chaleur\u00a0de sortir \u00e0 l\u2019ext\u00e9rieur l\u2019hiver et de p\u00e9n\u00e9trer \u00e0 l\u2019int\u00e9rieur l\u2019\u00e9t\u00e9.\u00a0\u00bb<\/p>\n<\/div>\n<\/li>\n<li>\n<p>        <img decoding=\"async\" src=\"\/wp-content\/uploads\/2021\/01\/femme-painture-1.jpg\" alt=\"\"><\/p>\n<h3>PEINTURE ANTI-HUMIDIT\u00c9<\/h3>\n<div>\n<p>\u00ab\u00a0ThermaCote va supprimer la majeure partie de l\u2019humidit\u00e9 r\u00e9siduelle du mur, sachant que l\u2019humidit\u00e9 est un facteur aggravant des d\u00e9perditions thermiques, et de l\u2019\u00e9tat de votre maison.\u00a0\u00bb<\/p>\n<\/div>\n<\/li>\n<li>\n<p>        <img decoding=\"async\" src=\"\/wp-content\/uploads\/2021\/01\/maison2.jpg\" alt=\"\"><\/p>\n<h3>\u00c9TANCH\u00c9IT\u00c9 \u00c0 L\u2019AIR<\/h3>\n<div>\n<p>\u00ab\u00a0ThermaCote renforce l\u2019\u00e9tanch\u00e9it\u00e9 \u00e0 l\u2019air du b\u00e2timent, qui est une cl\u00e9 essentielle de la performance thermique et de l\u2019isolation.\u00a0Une \u00e9tanch\u00e9it\u00e9 \u00e0 l\u2019air performante est indispensable pour un b\u00e2ti \u00e9conome en \u00e9nergie et un confort de vie optimal \u00e9t\u00e9 comme hiver.\u00a0\u00bb<\/p>\n<\/div>\n<\/li>\n<\/ul>\n<div>\n<p>Pour toutes questions \u00e0 ce sujet n\u2019h\u00e9sitez pas \u00e0 nous\u00a0<a href=\"https:\/\/solaire-avantages.com\/?page_id=9&amp;customize_changeset_uuid=e20adbb8-f9c1-4cc6-a426-142a04324b22&amp;customize_autosaved=on&amp;customize_messenger_channel=preview-438\">contacter\u00a0<\/a>par mail ou t\u00e9l\u00e9phone.<\/p>\n<\/div>\n<h3>Besoin de renseignements ?<\/h3>\n<div>\n<div class=\"frm_forms  with_frm_style frm_style_style-formidable\" id=\"frm_form_3_container\" >\n<form enctype=\"multipart\/form-data\" method=\"post\" class=\"frm-show-form \" id=\"form_contact-form099240b904\" >\n<div class=\"frm_form_fields \">\n<fieldset>\n<legend class=\"frm_screen_reader\">Demande de renseignements Solaire Avantages<\/legend>\r\n\r\n<div class=\"frm_fields_container\">\n<input type=\"hidden\" name=\"frm_action\" value=\"create\" \/>\n<input type=\"hidden\" name=\"form_id\" value=\"3\" \/>\n<input type=\"hidden\" name=\"frm_hide_fields_3\" id=\"frm_hide_fields_3\" value=\"\" \/>\n<input type=\"hidden\" name=\"form_key\" value=\"contact-form099240b904\" \/>\n<input type=\"hidden\" name=\"item_meta[0]\" value=\"\" \/>\n<input type=\"hidden\" id=\"frm_submit_entry_3\" name=\"frm_submit_entry_3\" value=\"391309f4e7\" \/><input type=\"hidden\" name=\"_wp_http_referer\" value=\"\/index.php?rest_route=%2Fwp%2Fv2%2Fpages%2F115\" \/><div id=\"frm_field_8_container\" class=\"frm_form_field form-field  frm_required_field frm_hidden_container frm12\">\r\n    <label for=\"field_ocfup15ac19bc741\" id=\"field_ocfup15ac19bc741_label\">Nom\r\n        <span class=\"frm_required\">*<\/span>\r\n    <\/label>\r\n    <input type=\"text\" id=\"field_ocfup15ac19bc741\" name=\"item_meta[8]\" value=\"\"  data-reqmsg=\"Ce champ ne peut pas \u00eatre vide\" aria-required=\"true\" data-invmsg=\"Last est non valide\" aria-invalid=\"false\"  \/>\r\n    \r\n    \r\n<\/div>\n<div id=\"frm_field_7_container\" class=\"frm_form_field form-field  frm_required_field frm_top_container frm12\">\r\n    <label for=\"field_qh4icyffe3cfadc5\" id=\"field_qh4icyffe3cfadc5_label\" >Pr\u00e9nom\r\n        <span class=\"frm_required\">*<\/span>\r\n    <\/label>\r\n    <input type=\"text\" id=\"field_qh4icyffe3cfadc5\" name=\"item_meta[7]\" value=\"\"  data-reqmsg=\"Ce champ ne peut pas \u00eatre vide\" aria-required=\"true\" data-invmsg=\"Name est non valide\" aria-invalid=\"false\"  \/>\r\n    \r\n    \r\n<\/div>\n<div id=\"frm_field_9_container\" class=\"frm_form_field form-field  frm_required_field frm_top_container frm_full\">\r\n    <label for=\"field_29yf4de581338393\" id=\"field_29yf4de581338393_label\" >Email\r\n        <span class=\"frm_required\">*<\/span>\r\n    <\/label>\r\n    <input type=\"email\" id=\"field_29yf4de581338393\" name=\"item_meta[9]\" value=\"\"  data-reqmsg=\"Ce champ ne peut pas \u00eatre vide\" aria-required=\"true\" data-invmsg=\"Please enter a valid email address\" aria-invalid=\"false\"  \/>\r\n    \r\n    \r\n<\/div>\n<div id=\"frm_field_12_container\" class=\"frm_form_field form-field  frm_required_field frm_top_container\">\r\n    <label for=\"field_9v7rg\" id=\"field_9v7rg_label\" >T\u00e9l\u00e9phone\r\n        <span class=\"frm_required\">*<\/span>\r\n    <\/label>\r\n    <input type=\"tel\" id=\"field_9v7rg\" name=\"item_meta[12]\" value=\"\"  data-reqmsg=\"T\u00e9l\u00e9phone ne peut pas \u00eatre vide.\" aria-required=\"true\" data-invmsg=\"T\u00e9l\u00e9phone est non valide\" aria-invalid=\"false\" pattern=\"((\\+\\d{1,3}(-|.| )?\\(?\\d\\)?(-| |.)?\\d{1,5})|(\\(?\\d{2,6}\\)?))(-|.| )?(\\d{3,4})(-|.| )?(\\d{4})(( x| ext)\\d{1,5}){0,1}$\"  \/>\r\n    \r\n    \r\n<\/div>\n<div id=\"frm_field_14_container\" class=\"frm_form_field form-field  frm_required_field frm_top_container\">\n    <label for=\"field_knk2a\" id=\"field_knk2a_label\" class=\"frm_primary_label\">Ville\n        <span class=\"frm_required\">*<\/span>\n    <\/label>\n    <input type=\"text\" id=\"field_knk2a\" name=\"item_meta[14]\" value=\"\"  data-reqmsg=\"Ville ne peut pas \u00eatre vide.\" aria-required=\"true\" data-invmsg=\"texte est non valide\" aria-invalid=\"false\"  \/>\n    \n    \n<\/div>\n<div id=\"frm_field_13_container\" class=\"frm_form_field form-field  frm_top_container\">\r\n    <label for=\"field_621ot\" id=\"field_621ot_label\" >Objet de votre demande\r\n        <span class=\"frm_required\"><\/span>\r\n    <\/label>\r\n    \t\t<select name=\"item_meta[13]\" id=\"field_621ot\"  data-invmsg=\"Objet de votre demande est non valide\" aria-invalid=\"false\"  >\n\t\t<option  value=\"S\u00e9lectionnez l&#039;objet\">S\u00e9lectionnez l&#039;objet<\/option><option  value=\"Demande de renseignements\">Demande de renseignements<\/option><option  value=\"Demande de rendez-vous\">Demande de rendez-vous<\/option><option  value=\"Demande de maintenance\">Demande de maintenance<\/option><option  value=\"Projet d&#039;installation solaire\">Projet d&#039;installation solaire<\/option><option  value=\"Demande de tarifs mat\u00e9riels solaires\">Demande de tarifs mat\u00e9riels solaires<\/option><option  value=\"Autre\">Autre<\/option>\t<\/select>\n\t\r\n    \r\n    \r\n<\/div>\n<div id=\"frm_field_11_container\" class=\"frm_form_field form-field  frm_required_field frm_top_container frm_full\">\r\n    <label for=\"field_9jv0r12549bc32da\" id=\"field_9jv0r12549bc32da_label\" >Message\r\n        <span class=\"frm_required\">*<\/span>\r\n    <\/label>\r\n    <textarea name=\"item_meta[11]\" id=\"field_9jv0r12549bc32da\" rows=\"5\"  data-reqmsg=\"Ce champ ne peut pas \u00eatre vide\" aria-required=\"true\" data-invmsg=\"Message est non valide\" aria-invalid=\"false\"  ><\/textarea>\r\n    \r\n    \r\n<\/div>\n\t<input type=\"hidden\" name=\"item_key\" value=\"\" \/>\n\t\t\t<div id=\"frm_field_15_container\">\n\t\t\t<label for=\"field_bmvmg\" >\n\t\t\t\tSi vous \u00eates un humain, ne remplissez pas ce champ.\t\t\t<\/label>\n\t\t\t<input  id=\"field_bmvmg\" type=\"text\" class=\"frm_form_field form-field frm_verify\" name=\"item_meta[15]\" value=\"\"  \/>\n\t\t<\/div>\n\t\t<input name=\"frm_state\" type=\"hidden\" value=\"hwm0K2j4ZxQCJ+QK2Mh0DlDUbbKSTrOQx1Jt258PwPI=\" \/><div>\r\n\r\n<button class=\"el-link uk-button uk-button-primary\" type=\"submit\"  >Envoyer ma demande<\/button>\r\n\r\n<\/div><\/div>\n<\/fieldset>\n<\/div>\n\n<p style=\"display: none !important;\" class=\"akismet-fields-container\" data-prefix=\"ak_\"><label>&#916;<textarea name=\"ak_hp_textarea\" cols=\"45\" rows=\"8\" maxlength=\"100\"><\/textarea><\/label><input type=\"hidden\" id=\"ak_js_1\" name=\"ak_js\" value=\"21\"\/><script>document.getElementById( \"ak_js_1\" ).setAttribute( \"value\", ( new Date() ).getTime() );<\/script><\/p><\/form>\n<\/div>\n\n<\/div>\n<p><!-- {\"name\":\"Post\",\"type\":\"layout\",\"children\":[{\"type\":\"section\",\"props\":{\"style\":\"default\",\"width\":\"default\",\"vertical_align\":\"middle\",\"title_position\":\"top-left\",\"title_rotation\":\"left\",\"title_breakpoint\":\"xl\",\"image_position\":\"center-center\",\"padding\":\"small\",\"padding_remove_top\":true,\"padding_remove_bottom\":true},\"children\":[{\"type\":\"row\",\"props\":{\"width\":\"default\"},\"children\":[{\"type\":\"column\",\"props\":{\"image_position\":\"center-center\",\"media_overlay_gradient\":\"\",\"width_medium\":\"1-1\"},\"children\":[{\"type\":\"image\",\"props\":{\"margin\":\"default\",\"image_svg_color\":\"emphasis\",\"image_width\":\"1200\",\"image\":\"wp-content\\\/uploads\\\/2021\\\/01\\\/solaire-peinture.jpg\",\"image_alt\":\"Peinture Thermacote\",\"image_height\":\"250\"}}]}]},{\"type\":\"row\",\"props\":{\"layout\":\"2-3,1-3\"},\"children\":[{\"type\":\"column\",\"props\":{\"image_position\":\"center-center\",\"media_overlay_gradient\":\"\",\"width_medium\":\"2-3\"},\"children\":[{\"type\":\"breadcrumbs\",\"props\":{\"show_home\":true,\"show_current\":true}},{\"type\":\"headline\",\"props\":{\"title_element\":\"h1\",\"text_align\":\"left\",\"content\":\"\n\n<p class=\\\"uk-article-title\\\">Peinture Thermacote (Momentan\\u00e9ment Suspendu)<\\\/p>\"}},{\"type\":\"text\",\"props\":{\"margin\":\"default\",\"column_breakpoint\":\"m\",\"text_align\":\"left\",\"text_style\":\"meta\",\"content\":\"\n\n<p>Solution de peintures isolantes, anti humidit\\u00e9 et \\u00e9tanches \\u00e0 l'air.<\\\/p>\"}},{\"type\":\"text\",\"props\":{\"margin\":\"medium\",\"column_breakpoint\":\"m\",\"content\":\"\n\n<h4 class=\\\"uk-article-title\\\"><span style=\\\"font-size: 16px;\\\">ThermaCote : Les 3 principaux avantages<\\\/span><\\\/h4>\\n\n\n<div class=\\\"uk-margin-medium\\\">\\n\n\n<p>\\u00ab\\u00a0ThermaCote combine en un seul produit, tous les crit\\u00e8res d\\u2019une isolation performante : barri\\u00e8re thermique, anti-humidit\\u00e9 et\\u00a0\\u00e9tanch\\u00e9it\\u00e9 \\u00e0 l\\u2019air.\\u00a0Permettant une isolation par l\\u2019ext\\u00e9rieur ou l\\u2019int\\u00e9rieur, assurant confort et bien \\u00eatre en toute\\u00a0saison. ThermaCote offre \\u00e9galement une revalorisation de votre patrimoine et assure sa p\\u00e9rennit\\u00e9.\\u00a0\\u00bb<\\\/p>\\n\n\n<p>D\\u00e9couvrez ci-dessous les principaux avantages de la peinture via le\\u00a0<a class=\\\"customize-unpreviewable\\\" href=\\\"http:\\\/\\\/thermacote.eu\\\/\\\">site internet d\\u00e9di\\u00e9<\\\/a>.<\\\/p>\\n<\\\/div>\"}}]},{\"type\":\"column\",\"props\":{\"image_position\":\"center-center\",\"media_overlay_gradient\":\"\",\"width_medium\":\"1-3\",\"style\":\"secondary\"},\"children\":[{\"type\":\"headline\",\"props\":{\"title_element\":\"h3\",\"content\":\"Actualit\\u00e9s\",\"title_style\":\"h3\"}},{\"type\":\"divider\",\"props\":{\"divider_element\":\"hr\",\"divider_style\":\"\"}},{\"type\":\"module\",\"props\":{\"menu_style\":\"nav\",\"widget\":\"recent-posts-4\",\"type\":\"recent-posts\"}}]}]},{\"type\":\"row\",\"props\":{\"width\":\"default\",\"margin\":\"large\"},\"children\":[{\"type\":\"column\",\"props\":{\"image_position\":\"center-center\",\"media_overlay_gradient\":\"\",\"width_medium\":\"1-1\",\"style\":\"muted\"},\"children\":[{\"type\":\"grid\",\"props\":{\"show_title\":true,\"show_meta\":true,\"show_content\":true,\"show_image\":true,\"show_link\":true,\"grid_default\":\"1\",\"grid_medium\":\"3\",\"filter_style\":\"tab\",\"filter_all\":true,\"filter_position\":\"top\",\"filter_align\":\"left\",\"filter_grid_width\":\"auto\",\"filter_grid_breakpoint\":\"m\",\"title_hover_style\":\"reset\",\"title_element\":\"h3\",\"title_align\":\"top\",\"title_grid_width\":\"1-2\",\"title_grid_breakpoint\":\"m\",\"meta_style\":\"meta\",\"meta_align\":\"below-title\",\"meta_element\":\"div\",\"content_column_breakpoint\":\"m\",\"icon_width\":80,\"image_align\":\"top\",\"image_grid_width\":\"1-2\",\"image_grid_breakpoint\":\"m\",\"image_svg_color\":\"emphasis\",\"link_text\":\"Read more\",\"link_style\":\"default\",\"margin\":\"default\",\"item_animation\":\"\"},\"children\":[{\"type\":\"grid_item\",\"props\":{\"title\":\"ISOLATION THERMIQUE\",\"content\":\"\n\n<p>\\u00ab\\u00a0Une isolation\\u00a0thermique\\u00a0efficace emp\\u00eache la chaleur\\u00a0de sortir \\u00e0 l\\u2019ext\\u00e9rieur l\\u2019hiver et de p\\u00e9n\\u00e9trer \\u00e0 l\\u2019int\\u00e9rieur l\\u2019\\u00e9t\\u00e9.\\u00a0\\u00bb<\\\/p>\",\"image\":\"wp-content\\\/uploads\\\/2021\\\/01\\\/maison1.jpg\"}},{\"type\":\"grid_item\",\"props\":{\"title\":\"PEINTURE ANTI-HUMIDIT\\u00c9\",\"content\":\"\n\n<p>\\u00ab\\u00a0ThermaCote va supprimer la majeure partie de l\\u2019humidit\\u00e9 r\\u00e9siduelle du mur, sachant que l\\u2019humidit\\u00e9 est un facteur aggravant des d\\u00e9perditions thermiques, et de l\\u2019\\u00e9tat de votre maison.\\u00a0\\u00bb<\\\/p>\",\"image\":\"wp-content\\\/uploads\\\/2021\\\/01\\\/femme-painture-1.jpg\"}},{\"type\":\"grid_item\",\"props\":{\"title\":\"\\u00c9TANCH\\u00c9IT\\u00c9 \\u00c0 L\\u2019AIR\",\"content\":\"\n\n<p>\\u00ab\\u00a0ThermaCote renforce l\\u2019\\u00e9tanch\\u00e9it\\u00e9 \\u00e0 l\\u2019air du b\\u00e2timent, qui est une cl\\u00e9 essentielle de la performance thermique et de l\\u2019isolation.\\u00a0Une \\u00e9tanch\\u00e9it\\u00e9 \\u00e0 l\\u2019air performante est indispensable pour un b\\u00e2ti \\u00e9conome en \\u00e9nergie et un confort de vie optimal \\u00e9t\\u00e9 comme hiver.\\u00a0\\u00bb<\\\/p>\",\"image\":\"wp-content\\\/uploads\\\/2021\\\/01\\\/maison2.jpg\"}}]},{\"type\":\"text\",\"props\":{\"margin\":\"default\",\"column_breakpoint\":\"m\",\"content\":\"\n\n<p>Pour toutes questions \\u00e0 ce sujet n\\u2019h\\u00e9sitez pas \\u00e0 nous\\u00a0<a href=\\\"https:\\\/\\\/solaire-avantages.com\\\/?page_id=9&amp;customize_changeset_uuid=e20adbb8-f9c1-4cc6-a426-142a04324b22&amp;customize_autosaved=on&amp;customize_messenger_channel=preview-438\\\">contacter\\u00a0<\\\/a>par mail ou t\\u00e9l\\u00e9phone.<\\\/p>\"}}]}]}],\"name\":\"Post\"},{\"type\":\"section\",\"props\":{\"style\":\"secondary\",\"width\":\"small\",\"vertical_align\":\"middle\",\"title_position\":\"top-left\",\"title_rotation\":\"left\",\"title_breakpoint\":\"xl\",\"image_position\":\"center-center\",\"padding_remove_horizontal\":true,\"padding\":\"small\"},\"children\":[{\"type\":\"row\",\"props\":{\"width\":\"default\",\"padding_remove_horizontal\":false},\"children\":[{\"type\":\"column\",\"props\":{\"image_position\":\"center-center\",\"media_overlay_gradient\":\"\"},\"children\":[{\"type\":\"headline\",\"props\":{\"title_element\":\"h3\",\"content\":\"Besoin de renseignements ?\",\"title_style\":\"h4\"}},{\"type\":\"text\",\"props\":{\"margin\":\"default\",\"column_breakpoint\":\"m\",\"content\":\"\n\n<p>[formidable id=3]<\\\/p>\"}}]}]}]}],\"version\":\"2.3.25\"} --><\/p>\n","protected":false},"excerpt":{"rendered":"<p>Peinture Thermacote (Momentan\u00e9ment Suspendu) Solution de peintures isolantes, anti humidit\u00e9 et \u00e9tanches \u00e0 l&rsquo;air. ThermaCote : Les 3 principaux avantages \u00ab\u00a0ThermaCote combine en un seul produit, tous les crit\u00e8res d\u2019une isolation performante : barri\u00e8re thermique, anti-humidit\u00e9 et\u00a0\u00e9tanch\u00e9it\u00e9 \u00e0 l\u2019air.\u00a0Permettant une isolation par l\u2019ext\u00e9rieur ou l\u2019int\u00e9rieur, assurant confort et bien \u00eatre en toute\u00a0saison. ThermaCote offre \u00e9galement [&hellip;]<\/p>\n","protected":false},"author":1,"featured_media":0,"parent":0,"menu_order":0,"comment_status":"closed","ping_status":"closed","template":"","meta":{"footnotes":""},"class_list":["post-115","page","type-page","status-publish","hentry"],"yoast_head":"<!-- This site is optimized with the Yoast SEO plugin v26.0 - https:\/\/yoast.com\/wordpress\/plugins\/seo\/ -->\n<title>Peinture Thermacote (Suspendu) - Solaire Avantages - Installations Photovolta\u00efques<\/title>\n<meta name=\"description\" content=\"A la demande et apr\u00e8s analyse, Solaire Avantages peut vous proposer la solution Peinture ThermaCote afin de r\u00e9pondre \u00e0 votre besoin.\" \/>\n<meta name=\"robots\" content=\"index, follow, max-snippet:-1, max-image-preview:large, max-video-preview:-1\" \/>\n<link rel=\"canonical\" href=\"https:\/\/solaire-avantages.com\/?page_id=115\" \/>\n<meta property=\"og:locale\" content=\"fr_FR\" \/>\n<meta property=\"og:type\" content=\"article\" \/>\n<meta property=\"og:title\" content=\"Peinture Thermacote (Suspendu) - Solaire Avantages - Installations Photovolta\u00efques\" \/>\n<meta property=\"og:description\" content=\"A la demande et apr\u00e8s analyse, Solaire Avantages peut vous proposer la solution Peinture ThermaCote afin de r\u00e9pondre \u00e0 votre besoin.\" \/>\n<meta property=\"og:url\" content=\"https:\/\/solaire-avantages.com\/?page_id=115\" \/>\n<meta property=\"og:site_name\" content=\"Solaire Avantages - Installations Photovolta\u00efques\" \/>\n<meta property=\"article:publisher\" content=\"https:\/\/www.facebook.com\/solaire.avantages29\/\" \/>\n<meta property=\"article:modified_time\" content=\"2023-02-15T15:09:32+00:00\" \/>\n<meta name=\"twitter:card\" content=\"summary_large_image\" \/>\n<meta name=\"twitter:label1\" content=\"Dur\u00e9e de lecture estim\u00e9e\" \/>\n\t<meta name=\"twitter:data1\" content=\"1 minute\" \/>\n<script type=\"application\/ld+json\" class=\"yoast-schema-graph\">{\"@context\":\"https:\/\/schema.org\",\"@graph\":[{\"@type\":\"WebPage\",\"@id\":\"https:\/\/solaire-avantages.com\/?page_id=115\",\"url\":\"https:\/\/solaire-avantages.com\/?page_id=115\",\"name\":\"Peinture Thermacote (Suspendu) - Solaire Avantages - Installations Photovolta\u00efques\",\"isPartOf\":{\"@id\":\"https:\/\/solaire-avantages.com\/#website\"},\"datePublished\":\"2016-07-06T16:06:13+00:00\",\"dateModified\":\"2023-02-15T15:09:32+00:00\",\"description\":\"A la demande et apr\u00e8s analyse, Solaire Avantages peut vous proposer la solution Peinture ThermaCote afin de r\u00e9pondre \u00e0 votre besoin.\",\"breadcrumb\":{\"@id\":\"https:\/\/solaire-avantages.com\/?page_id=115#breadcrumb\"},\"inLanguage\":\"fr-FR\",\"potentialAction\":[{\"@type\":\"ReadAction\",\"target\":[\"https:\/\/solaire-avantages.com\/?page_id=115\"]}]},{\"@type\":\"BreadcrumbList\",\"@id\":\"https:\/\/solaire-avantages.com\/?page_id=115#breadcrumb\",\"itemListElement\":[{\"@type\":\"ListItem\",\"position\":1,\"name\":\"Accueil\",\"item\":\"https:\/\/solaire-avantages.com\/\"},{\"@type\":\"ListItem\",\"position\":2,\"name\":\"Peinture Thermacote (Suspendu)\"}]},{\"@type\":\"WebSite\",\"@id\":\"https:\/\/solaire-avantages.com\/#website\",\"url\":\"https:\/\/solaire-avantages.com\/\",\"name\":\"Solaire Avantages - Installations Solaires et Photovolta\u00efques\",\"description\":\"Professionnel du solaire et photovolta\u00efque dans le Finist\u00e8re Nord\",\"publisher\":{\"@id\":\"https:\/\/solaire-avantages.com\/#organization\"},\"potentialAction\":[{\"@type\":\"SearchAction\",\"target\":{\"@type\":\"EntryPoint\",\"urlTemplate\":\"https:\/\/solaire-avantages.com\/?s={search_term_string}\"},\"query-input\":{\"@type\":\"PropertyValueSpecification\",\"valueRequired\":true,\"valueName\":\"search_term_string\"}}],\"inLanguage\":\"fr-FR\"},{\"@type\":\"Organization\",\"@id\":\"https:\/\/solaire-avantages.com\/#organization\",\"name\":\"Solaire Avantages\",\"url\":\"https:\/\/solaire-avantages.com\/\",\"logo\":{\"@type\":\"ImageObject\",\"inLanguage\":\"fr-FR\",\"@id\":\"https:\/\/solaire-avantages.com\/#\/schema\/logo\/image\/\",\"url\":\"https:\/\/solaire-avantages.com\/wp-content\/uploads\/2020\/12\/logomini.jpg\",\"contentUrl\":\"https:\/\/solaire-avantages.com\/wp-content\/uploads\/2020\/12\/logomini.jpg\",\"width\":90,\"height\":52,\"caption\":\"Solaire Avantages\"},\"image\":{\"@id\":\"https:\/\/solaire-avantages.com\/#\/schema\/logo\/image\/\"},\"sameAs\":[\"https:\/\/www.facebook.com\/solaire.avantages29\/\",\"https:\/\/www.linkedin.com\/company\/solaire-avantages\"]}]}<\/script>\n<!-- \/ Yoast SEO plugin. -->","yoast_head_json":{"title":"Peinture Thermacote (Suspendu) - Solaire Avantages - Installations Photovolta\u00efques","description":"A la demande et apr\u00e8s analyse, Solaire Avantages peut vous proposer la solution Peinture ThermaCote afin de r\u00e9pondre \u00e0 votre besoin.","robots":{"index":"index","follow":"follow","max-snippet":"max-snippet:-1","max-image-preview":"max-image-preview:large","max-video-preview":"max-video-preview:-1"},"canonical":"https:\/\/solaire-avantages.com\/?page_id=115","og_locale":"fr_FR","og_type":"article","og_title":"Peinture Thermacote (Suspendu) - Solaire Avantages - Installations Photovolta\u00efques","og_description":"A la demande et apr\u00e8s analyse, Solaire Avantages peut vous proposer la solution Peinture ThermaCote afin de r\u00e9pondre \u00e0 votre besoin.","og_url":"https:\/\/solaire-avantages.com\/?page_id=115","og_site_name":"Solaire Avantages - Installations Photovolta\u00efques","article_publisher":"https:\/\/www.facebook.com\/solaire.avantages29\/","article_modified_time":"2023-02-15T15:09:32+00:00","twitter_card":"summary_large_image","twitter_misc":{"Dur\u00e9e de lecture estim\u00e9e":"1 minute"},"schema":{"@context":"https:\/\/schema.org","@graph":[{"@type":"WebPage","@id":"https:\/\/solaire-avantages.com\/?page_id=115","url":"https:\/\/solaire-avantages.com\/?page_id=115","name":"Peinture Thermacote (Suspendu) - Solaire Avantages - Installations Photovolta\u00efques","isPartOf":{"@id":"https:\/\/solaire-avantages.com\/#website"},"datePublished":"2016-07-06T16:06:13+00:00","dateModified":"2023-02-15T15:09:32+00:00","description":"A la demande et apr\u00e8s analyse, Solaire Avantages peut vous proposer la solution Peinture ThermaCote afin de r\u00e9pondre \u00e0 votre besoin.","breadcrumb":{"@id":"https:\/\/solaire-avantages.com\/?page_id=115#breadcrumb"},"inLanguage":"fr-FR","potentialAction":[{"@type":"ReadAction","target":["https:\/\/solaire-avantages.com\/?page_id=115"]}]},{"@type":"BreadcrumbList","@id":"https:\/\/solaire-avantages.com\/?page_id=115#breadcrumb","itemListElement":[{"@type":"ListItem","position":1,"name":"Accueil","item":"https:\/\/solaire-avantages.com\/"},{"@type":"ListItem","position":2,"name":"Peinture Thermacote (Suspendu)"}]},{"@type":"WebSite","@id":"https:\/\/solaire-avantages.com\/#website","url":"https:\/\/solaire-avantages.com\/","name":"Solaire Avantages - Installations Solaires et Photovolta\u00efques","description":"Professionnel du solaire et photovolta\u00efque dans le Finist\u00e8re Nord","publisher":{"@id":"https:\/\/solaire-avantages.com\/#organization"},"potentialAction":[{"@type":"SearchAction","target":{"@type":"EntryPoint","urlTemplate":"https:\/\/solaire-avantages.com\/?s={search_term_string}"},"query-input":{"@type":"PropertyValueSpecification","valueRequired":true,"valueName":"search_term_string"}}],"inLanguage":"fr-FR"},{"@type":"Organization","@id":"https:\/\/solaire-avantages.com\/#organization","name":"Solaire Avantages","url":"https:\/\/solaire-avantages.com\/","logo":{"@type":"ImageObject","inLanguage":"fr-FR","@id":"https:\/\/solaire-avantages.com\/#\/schema\/logo\/image\/","url":"https:\/\/solaire-avantages.com\/wp-content\/uploads\/2020\/12\/logomini.jpg","contentUrl":"https:\/\/solaire-avantages.com\/wp-content\/uploads\/2020\/12\/logomini.jpg","width":90,"height":52,"caption":"Solaire Avantages"},"image":{"@id":"https:\/\/solaire-avantages.com\/#\/schema\/logo\/image\/"},"sameAs":["https:\/\/www.facebook.com\/solaire.avantages29\/","https:\/\/www.linkedin.com\/company\/solaire-avantages"]}]}},"_links":{"self":[{"href":"https:\/\/solaire-avantages.com\/index.php?rest_route=\/wp\/v2\/pages\/115","targetHints":{"allow":["GET"]}}],"collection":[{"href":"https:\/\/solaire-avantages.com\/index.php?rest_route=\/wp\/v2\/pages"}],"about":[{"href":"https:\/\/solaire-avantages.com\/index.php?rest_route=\/wp\/v2\/types\/page"}],"author":[{"embeddable":true,"href":"https:\/\/solaire-avantages.com\/index.php?rest_route=\/wp\/v2\/users\/1"}],"replies":[{"embeddable":true,"href":"https:\/\/solaire-avantages.com\/index.php?rest_route=%2Fwp%2Fv2%2Fcomments&post=115"}],"version-history":[{"count":16,"href":"https:\/\/solaire-avantages.com\/index.php?rest_route=\/wp\/v2\/pages\/115\/revisions"}],"predecessor-version":[{"id":890,"href":"https:\/\/solaire-avantages.com\/index.php?rest_route=\/wp\/v2\/pages\/115\/revisions\/890"}],"wp:attachment":[{"href":"https:\/\/solaire-avantages.com\/index.php?rest_route=%2Fwp%2Fv2%2Fmedia&parent=115"}],"curies":[{"name":"wp","href":"https:\/\/api.w.org\/{rel}","templated":true}]}}